{"id":699,"date":"2025-04-24T10:28:58","date_gmt":"2025-04-24T08:28:58","guid":{"rendered":"https:\/\/astresetplanetes.fr\/site\/?page_id=699"},"modified":"2025-04-24T11:59:40","modified_gmt":"2025-04-24T09:59:40","slug":"noyau-terrestre","status":"publish","type":"page","link":"https:\/\/astresetplanetes.fr\/site\/noyau-terrestre\/","title":{"rendered":"Noyau terrestre"},"content":{"rendered":"\n<div data-aos= \"flip-down\" data-aos-duration=\"400\" data-aos-delay=\"0\" data-aos-easing=\"ease\" data-aos-once=\"true\" class=\"wp-block-uagb-container uagb-block-8859dad2 alignfull uagb-is-root-container\"><div class=\"uagb-container-inner-blocks-wrap\">\n<div class=\"wp-block-uagb-info-box uagb-block-1b3399ca uagb-infobox__content-wrap  uagb-infobox-icon-above-title uagb-infobox-image-valign-top\"><div class=\"uagb-ifb-content\"><div class=\"uagb-ifb-icon-wrap\"><svg xmlns=\"https:\/\/www.w3.org\/2000\/svg\" viewBox=\"0 0 512 512\"><path d=\"M512 256C512 397.4 397.4 512 256 512C114.6 512 0 397.4 0 256C0 114.6 114.6 0 256 0C397.4 0 512 114.6 512 256zM57.71 192.1L67.07 209.4C75.36 223.9 88.99 234.6 105.1 239.2L162.1 255.7C180.2 260.6 192 276.3 192 294.2V334.1C192 345.1 198.2 355.1 208 359.1C217.8 364.9 224 374.9 224 385.9V424.9C224 440.5 238.9 451.7 253.9 447.4C270.1 442.8 282.5 429.1 286.6 413.7L289.4 402.5C293.6 385.6 304.6 371.1 319.7 362.4L327.8 357.8C342.8 349.3 352 333.4 352 316.1V307.9C352 295.1 346.9 282.9 337.9 273.9L334.1 270.1C325.1 261.1 312.8 255.1 300.1 255.1H256.1C245.9 255.1 234.9 253.1 225.2 247.6L190.7 227.8C186.4 225.4 183.1 221.4 181.6 216.7C178.4 207.1 182.7 196.7 191.7 192.1L197.7 189.2C204.3 185.9 211.9 185.3 218.1 187.7L242.2 195.4C250.3 198.1 259.3 195 264.1 187.9C268.8 180.8 268.3 171.5 262.9 165L249.3 148.8C239.3 136.8 239.4 119.3 249.6 107.5L265.3 89.12C274.1 78.85 275.5 64.16 268.8 52.42L266.4 48.26C262.1 48.09 259.5 48 256 48C163.1 48 84.4 108.9 57.71 192.1L57.71 192.1zM437.6 154.5L412 164.8C396.3 171.1 388.2 188.5 393.5 204.6L410.4 255.3C413.9 265.7 422.4 273.6 433 276.3L462.2 283.5C463.4 274.5 464 265.3 464 256C464 219.2 454.4 184.6 437.6 154.5H437.6z\"><\/path><\/svg><\/div><div class=\"uagb-ifb-title-wrap\"><h3 class=\"uagb-ifb-title\">Le noyau terrestre<\/h3><\/div><div class=\"uagb-ifb-separator\"><\/div><p class=\"uagb-ifb-desc\"><strong>Je r\u00e9alise la pr\u00e9sentation du noyau de la Terre sur lequel je me suis appuy\u00e9 de nombreuses r\u00e9f\u00e9rences pour r\u00e9unir toutes ces informations. <br>Vous retrouverez les diff\u00e9rentes couches terrestres avec les d\u00e9finitions de certains mots techniques.<\/strong><\/p><\/div><\/div>\n<\/div><\/div>\n\n\n\n<div class=\"wp-block-uagb-container uagb-block-447c598a alignfull uagb-is-root-container\"><div class=\"uagb-container-inner-blocks-wrap\"><ul style=\"color:#0d0d0d; border-radius:2px; padding-right:var(--wp--preset--spacing--30);padding-left:var(--wp--preset--spacing--30);padding-top:var(--wp--preset--spacing--30);padding-bottom:var(--wp--preset--spacing--30);margin-top:0;margin-bottom:0;margin-left:0;margin-right:0;\" class=\"wp-block-latest-posts__list is-grid columns-3 has-dates has-link-color aligncenter wp-elements-cf7d17be3550bc152369c916ebc0cc1f wp-block-latest-posts has-text-color\"><li><div class=\"wp-block-latest-posts__featured-image aligncenter\"><img width=\"300\" height=\"200\"  class=\"attachment-medium size-medium wp-post-image lws-optimize-lazyload\" alt=\"\" style=\"\" \/ data-src=\"https:\/\/astresetplanetes.fr\/site\/wp-content\/uploads\/2025\/05\/europe.jpg\"><\/div><a class=\"wp-block-latest-posts__post-title\" href=\"https:\/\/astresetplanetes.fr\/site\/la-vie-en-europe\/\">La vie en Europe<\/a><time datetime=\"2025-05-01T11:04:58+02:00\" class=\"wp-block-latest-posts__post-date\">1 mai 2025<\/time><\/li>\n<li><div class=\"wp-block-latest-posts__featured-image aligncenter\"><img width=\"300\" height=\"169\"  class=\"attachment-medium size-medium wp-post-image lws-optimize-lazyload\" alt=\"\" style=\"\" srcset=\"https:\/\/astresetplanetes.fr\/site\/wp-content\/uploads\/2025\/04\/voyage-noyau-300x169.jpg 300w, https:\/\/astresetplanetes.fr\/site\/wp-content\/uploads\/2025\/04\/voyage-noyau.jpg 320w\" sizes=\"(max-width: 300px) 100vw, 300px\" \/ data-src=\"https:\/\/astresetplanetes.fr\/site\/wp-content\/uploads\/2025\/04\/voyage-noyau-300x169.jpg\"><\/div><a class=\"wp-block-latest-posts__post-title\" href=\"https:\/\/astresetplanetes.fr\/site\/decouvre-en-video-la-profondeur-de-la-croute-terrestre\/\">D\u00e9couvre en vid\u00e9o la profondeur de la croute terrestre<\/a><time datetime=\"2025-04-24T17:32:59+02:00\" class=\"wp-block-latest-posts__post-date\">24 avril 2025<\/time><\/li>\n<li><div class=\"wp-block-latest-posts__featured-image aligncenter\"><img width=\"300\" height=\"167\"  class=\"attachment-medium size-medium wp-post-image lws-optimize-lazyload\" alt=\"\" style=\"\" srcset=\"https:\/\/astresetplanetes.fr\/site\/wp-content\/uploads\/2025\/04\/couches-terrestres-300x167.webp 300w, https:\/\/astresetplanetes.fr\/site\/wp-content\/uploads\/2025\/04\/couches-terrestres.webp 700w\" sizes=\"(max-width: 300px) 100vw, 300px\" \/ data-src=\"https:\/\/astresetplanetes.fr\/site\/wp-content\/uploads\/2025\/04\/couches-terrestres-300x167.webp\"><\/div><a class=\"wp-block-latest-posts__post-title\" href=\"https:\/\/astresetplanetes.fr\/site\/croutes-terrestres\/\">Croutes terrestres<\/a><time datetime=\"2025-04-20T16:58:44+02:00\" class=\"wp-block-latest-posts__post-date\">20 avril 2025<\/time><\/li>\n<\/ul><\/div><\/div>\n\n\n\n<p><\/p>\n","protected":false},"excerpt":{"rendered":"","protected":false},"author":1,"featured_media":0,"parent":0,"menu_order":0,"comment_status":"closed","ping_status":"closed","template":"","meta":{"_uag_custom_page_level_css":"","site-sidebar-layout":"default","site-content-layout":"","ast-site-content-layout":"","site-content-style":"default","site-sidebar-style":"default","ast-global-header-display":"","ast-banner-title-visibility":"","ast-main-header-display":"","ast-hfb-above-header-display":"","ast-hfb-below-header-display":"","ast-hfb-mobile-header-display":"","site-post-title":"disabled","ast-breadcrumbs-content":"","ast-featured-img":"","footer-sml-layout":"","theme-transparent-header-meta":"","adv-header-id-meta":"","stick-header-meta":"","header-above-stick-meta":"","header-main-stick-meta":"","header-below-stick-meta":"","astra-migrate-meta-layouts":"default","ast-page-background-enabled":"default","ast-page-background-meta":{"desktop":{"background-color":"var(--ast-global-color-4)","background-image":"","background-repeat":"repeat","background-position":"center center","background-size":"auto","background-attachment":"scroll","background-type":"","background-media":"","overlay-type":"","overlay-color":"","overlay-opacity":"","overlay-gradient":""},"tablet":{"background-color":"","background-image":"","background-repeat":"repeat","background-position":"center center","background-size":"auto","background-attachment":"scroll","background-type":"","background-media":"","overlay-type":"","overlay-color":"","overlay-opacity":"","overlay-gradient":""},"mobile":{"background-color":"","background-image":"","background-repeat":"repeat","background-position":"center center","background-size":"auto","background-attachment":"scroll","background-type":"","background-media":"","overlay-type":"","overlay-color":"","overlay-opacity":"","overlay-gradient":""}},"ast-content-background-meta":{"desktop":{"background-color":"var(--ast-global-color-5)","background-image":"","background-repeat":"repeat","background-position":"center center","background-size":"auto","background-attachment":"scroll","background-type":"","background-media":"","overlay-type":"","overlay-color":"","overlay-opacity":"","overlay-gradient":""},"tablet":{"background-color":"var(--ast-global-color-5)","background-image":"","background-repeat":"repeat","background-position":"center center","background-size":"auto","background-attachment":"scroll","background-type":"","background-media":"","overlay-type":"","overlay-color":"","overlay-opacity":"","overlay-gradient":""},"mobile":{"background-color":"var(--ast-global-color-5)","background-image":"","background-repeat":"repeat","background-position":"center center","background-size":"auto","background-attachment":"scroll","background-type":"","background-media":"","overlay-type":"","overlay-color":"","overlay-opacity":"","overlay-gradient":""}},"footnotes":""},"class_list":["post-699","page","type-page","status-publish","hentry"],"uagb_featured_image_src":{"full":false,"thumbnail":false,"medium":false,"medium_large":false,"large":false,"1536x1536":false,"2048x2048":false},"uagb_author_info":{"display_name":"adm-enric","author_link":"https:\/\/astresetplanetes.fr\/site\/author\/adm-enric\/"},"uagb_comment_info":0,"uagb_excerpt":null,"_links":{"self":[{"href":"https:\/\/astresetplanetes.fr\/site\/wp-json\/wp\/v2\/pages\/699","targetHints":{"allow":["GET"]}}],"collection":[{"href":"https:\/\/astresetplanetes.fr\/site\/wp-json\/wp\/v2\/pages"}],"about":[{"href":"https:\/\/astresetplanetes.fr\/site\/wp-json\/wp\/v2\/types\/page"}],"author":[{"embeddable":true,"href":"https:\/\/astresetplanetes.fr\/site\/wp-json\/wp\/v2\/users\/1"}],"replies":[{"embeddable":true,"href":"https:\/\/astresetplanetes.fr\/site\/wp-json\/wp\/v2\/comments?post=699"}],"version-history":[{"count":9,"href":"https:\/\/astresetplanetes.fr\/site\/wp-json\/wp\/v2\/pages\/699\/revisions"}],"predecessor-version":[{"id":711,"href":"https:\/\/astresetplanetes.fr\/site\/wp-json\/wp\/v2\/pages\/699\/revisions\/711"}],"wp:attachment":[{"href":"https:\/\/astresetplanetes.fr\/site\/wp-json\/wp\/v2\/media?parent=699"}],"curies":[{"name":"wp","href":"https:\/\/api.w.org\/{rel}","templated":true}]}}