{"id":632,"date":"2025-04-20T16:27:20","date_gmt":"2025-04-20T14:27:20","guid":{"rendered":"https:\/\/astresetplanetes.fr\/site\/?page_id=632"},"modified":"2025-05-11T13:13:57","modified_gmt":"2025-05-11T11:13:57","slug":"latmosphere","status":"publish","type":"page","link":"https:\/\/astresetplanetes.fr\/site\/latmosphere\/","title":{"rendered":"AIR"},"content":{"rendered":"\n<div class=\"wp-block-uagb-container uagb-block-bde057ce alignfull uagb-is-root-container\">\n<p class=\"has-text-align-center has-ast-global-color-3-color has-text-color has-link-color has-large-font-size wp-elements-209b3d80969596cdf56d6d92abf3d44f\">ma superbe citation<\/p>\n\n\n\n<p class=\"has-text-align-center has-text-color has-background has-link-color has-medium-font-size wp-elements-36ce2aea3c6d7011ee04c699450391b6\" style=\"color:#424ac4;background-color:#d8e4fe\"><strong>Pr\u00e9sentation de ce qu&rsquo;on verra sur cette page<\/strong><\/p>\n<\/div>\n\n\n\n<div class=\"wp-block-uagb-container uagb-block-6b86f78d alignfull uagb-is-root-container\"><div class=\"uagb-container-inner-blocks-wrap\"><ul style=\"color:#424ac4; padding-top:var(--wp--preset--spacing--30);padding-bottom:var(--wp--preset--spacing--30);\" class=\"wp-block-latest-posts__list is-grid columns-3 has-link-color wp-elements-068b2687d9b40ab1b4b481e252753ae9 wp-block-latest-posts has-text-color has-medium-font-size\"><li><div class=\"wp-block-latest-posts__featured-image aligncenter\"><a href=\"https:\/\/astresetplanetes.fr\/site\/le-climat-en-europe\/\" aria-label=\"Le climat en Europe\"><img width=\"1024\" height=\"768\"  class=\"attachment-large size-large wp-post-image lws-optimize-lazyload\" alt=\"Breathtaking landscape of the Drakensberg mountains with lush greenery and dramatic cloudy sky.\" style=\"\" srcset=\"https:\/\/astresetplanetes.fr\/site\/wp-content\/uploads\/2025\/05\/pexels-photo-31246060-31246060-1024x768.jpg 1024w, https:\/\/astresetplanetes.fr\/site\/wp-content\/uploads\/2025\/05\/pexels-photo-31246060-31246060-300x225.jpg 300w, https:\/\/astresetplanetes.fr\/site\/wp-content\/uploads\/2025\/05\/pexels-photo-31246060-31246060-768x576.jpg 768w, https:\/\/astresetplanetes.fr\/site\/wp-content\/uploads\/2025\/05\/pexels-photo-31246060-31246060-1536x1152.jpg 1536w, https:\/\/astresetplanetes.fr\/site\/wp-content\/uploads\/2025\/05\/pexels-photo-31246060-31246060-2048x1536.jpg 2048w\" sizes=\"(max-width: 1024px) 100vw, 1024px\" \/ data-src=\"https:\/\/astresetplanetes.fr\/site\/wp-content\/uploads\/2025\/05\/pexels-photo-31246060-31246060-1024x768.jpg\"><\/a><\/div><a class=\"wp-block-latest-posts__post-title\" href=\"https:\/\/astresetplanetes.fr\/site\/le-climat-en-europe\/\">Le climat en Europe<\/a><div class=\"wp-block-latest-posts__post-excerpt\">Le climat de l&rsquo;Europe a quatre saisons, avec de grands contrastes entre un froid assez rude au nord et des temp\u00e9ratures tr\u00e8s \u00e9lev\u00e9es au sud. Climat Polaire : tr\u00e8s froid\u2026 <a class=\"wp-block-latest-posts__read-more\" href=\"https:\/\/astresetplanetes.fr\/site\/le-climat-en-europe\/\" rel=\"noopener noreferrer\">Lire la suite<span class=\"screen-reader-text\">\u00a0: Le climat en Europe<\/span><\/a><\/div><\/li>\n<\/ul><\/div><\/div>\n\n\n\n<div class=\"wp-block-uagb-container uagb-block-d2cd0787 alignfull uagb-is-root-container\"><div class=\"uagb-container-inner-blocks-wrap\">\n<h2 class=\"wp-block-heading\">R\u00e9f\u00e9rences et oeuvres <\/h2>\n<\/div><\/div>\n\n\n\n<div class=\"wp-block-uagb-container uagb-block-f10d03cd alignfull uagb-is-root-container\"><div class=\"uagb-container-inner-blocks-wrap\">\n<h2 class=\"wp-block-heading\">Les personnalit\u00e9s qui travaille sur le sujet<\/h2>\n<\/div><\/div>\n\n\n\n<div class=\"wp-block-uagb-container uagb-block-6e8cbfb0 alignfull uagb-is-root-container\"><div class=\"uagb-container-inner-blocks-wrap\">\n<p><\/p>\n\n\n\n<p>a<\/p>\n<\/div><\/div>\n","protected":false},"excerpt":{"rendered":"<p>ma superbe citation Pr\u00e9sentation de ce qu&rsquo;on verra sur cette page R\u00e9f\u00e9rences et oeuvres Les personnalit\u00e9s qui travaille sur le [&hellip;]<\/p>\n","protected":false},"author":1,"featured_media":756,"parent":0,"menu_order":0,"comment_status":"closed","ping_status":"closed","template":"","meta":{"_uag_custom_page_level_css":"","site-sidebar-layout":"default","site-content-layout":"","ast-site-content-layout":"","site-content-style":"default","site-sidebar-style":"default","ast-global-header-display":"","ast-banner-title-visibility":"","ast-main-header-display":"","ast-hfb-above-header-display":"","ast-hfb-below-header-display":"","ast-hfb-mobile-header-display":"","site-post-title":"","ast-breadcrumbs-content":"","ast-featured-img":"disabled","footer-sml-layout":"","theme-transparent-header-meta":"","adv-header-id-meta":"","stick-header-meta":"","header-above-stick-meta":"","header-main-stick-meta":"","header-below-stick-meta":"","astra-migrate-meta-layouts":"default","ast-page-background-enabled":"default","ast-page-background-meta":{"desktop":{"background-color":"var(--ast-global-color-4)","background-image":"","background-repeat":"repeat","background-position":"center center","background-size":"auto","background-attachment":"scroll","background-type":"","background-media":"","overlay-type":"","overlay-color":"","overlay-opacity":"","overlay-gradient":""},"tablet":{"background-color":"","background-image":"","background-repeat":"repeat","background-position":"center center","background-size":"auto","background-attachment":"scroll","background-type":"","background-media":"","overlay-type":"","overlay-color":"","overlay-opacity":"","overlay-gradient":""},"mobile":{"background-color":"","background-image":"","background-repeat":"repeat","background-position":"center center","background-size":"auto","background-attachment":"scroll","background-type":"","background-media":"","overlay-type":"","overlay-color":"","overlay-opacity":"","overlay-gradient":""}},"ast-content-background-meta":{"desktop":{"background-color":"var(--ast-global-color-5)","background-image":"","background-repeat":"repeat","background-position":"center center","background-size":"auto","background-attachment":"scroll","background-type":"","background-media":"","overlay-type":"","overlay-color":"","overlay-opacity":"","overlay-gradient":""},"tablet":{"background-color":"var(--ast-global-color-5)","background-image":"","background-repeat":"repeat","background-position":"center center","background-size":"auto","background-attachment":"scroll","background-type":"","background-media":"","overlay-type":"","overlay-color":"","overlay-opacity":"","overlay-gradient":""},"mobile":{"background-color":"var(--ast-global-color-5)","background-image":"","background-repeat":"repeat","background-position":"center center","background-size":"auto","background-attachment":"scroll","background-type":"","background-media":"","overlay-type":"","overlay-color":"","overlay-opacity":"","overlay-gradient":""}},"footnotes":""},"class_list":["post-632","page","type-page","status-publish","has-post-thumbnail","hentry"],"uagb_featured_image_src":{"full":["https:\/\/astresetplanetes.fr\/site\/wp-content\/uploads\/2025\/05\/Capture-decran-2025-05-11-103553.png",696,353,false],"thumbnail":["https:\/\/astresetplanetes.fr\/site\/wp-content\/uploads\/2025\/05\/Capture-decran-2025-05-11-103553-150x150.png",150,150,true],"medium":["https:\/\/astresetplanetes.fr\/site\/wp-content\/uploads\/2025\/05\/Capture-decran-2025-05-11-103553-300x152.png",300,152,true],"medium_large":["https:\/\/astresetplanetes.fr\/site\/wp-content\/uploads\/2025\/05\/Capture-decran-2025-05-11-103553.png",696,353,false],"large":["https:\/\/astresetplanetes.fr\/site\/wp-content\/uploads\/2025\/05\/Capture-decran-2025-05-11-103553.png",696,353,false],"1536x1536":["https:\/\/astresetplanetes.fr\/site\/wp-content\/uploads\/2025\/05\/Capture-decran-2025-05-11-103553.png",696,353,false],"2048x2048":["https:\/\/astresetplanetes.fr\/site\/wp-content\/uploads\/2025\/05\/Capture-decran-2025-05-11-103553.png",696,353,false]},"uagb_author_info":{"display_name":"adm-enric","author_link":"https:\/\/astresetplanetes.fr\/site\/author\/adm-enric\/"},"uagb_comment_info":0,"uagb_excerpt":"ma superbe citation Pr\u00e9sentation de ce qu&rsquo;on verra sur cette page R\u00e9f\u00e9rences et oeuvres Les personnalit\u00e9s qui travaille sur le [&hellip;]","_links":{"self":[{"href":"https:\/\/astresetplanetes.fr\/site\/wp-json\/wp\/v2\/pages\/632","targetHints":{"allow":["GET"]}}],"collection":[{"href":"https:\/\/astresetplanetes.fr\/site\/wp-json\/wp\/v2\/pages"}],"about":[{"href":"https:\/\/astresetplanetes.fr\/site\/wp-json\/wp\/v2\/types\/page"}],"author":[{"embeddable":true,"href":"https:\/\/astresetplanetes.fr\/site\/wp-json\/wp\/v2\/users\/1"}],"replies":[{"embeddable":true,"href":"https:\/\/astresetplanetes.fr\/site\/wp-json\/wp\/v2\/comments?post=632"}],"version-history":[{"count":24,"href":"https:\/\/astresetplanetes.fr\/site\/wp-json\/wp\/v2\/pages\/632\/revisions"}],"predecessor-version":[{"id":786,"href":"https:\/\/astresetplanetes.fr\/site\/wp-json\/wp\/v2\/pages\/632\/revisions\/786"}],"wp:featuredmedia":[{"embeddable":true,"href":"https:\/\/astresetplanetes.fr\/site\/wp-json\/wp\/v2\/media\/756"}],"wp:attachment":[{"href":"https:\/\/astresetplanetes.fr\/site\/wp-json\/wp\/v2\/media?parent=632"}],"curies":[{"name":"wp","href":"https:\/\/api.w.org\/{rel}","templated":true}]}}