{"id":630,"date":"2025-04-20T16:26:19","date_gmt":"2025-04-20T14:26:19","guid":{"rendered":"https:\/\/astresetplanetes.fr\/site\/?page_id=630"},"modified":"2025-04-20T16:44:44","modified_gmt":"2025-04-20T14:44:44","slug":"environnement-planetaire","status":"publish","type":"page","link":"https:\/\/astresetplanetes.fr\/site\/environnement-planetaire\/","title":{"rendered":"Environnement plan\u00e9taire"},"content":{"rendered":"<ul class=\"wp-block-latest-posts__list has-dates has-author alignwide wp-block-latest-posts\"><li><a class=\"wp-block-latest-posts__post-title\" href=\"https:\/\/astresetplanetes.fr\/site\/les-couches-terrestres\/\">Les couches terrestres<\/a><div class=\"wp-block-latest-posts__post-author\">par Benjamin H.<\/div><time datetime=\"2026-04-01T14:02:56+02:00\" class=\"wp-block-latest-posts__post-date\">1 avril 2026<\/time><div class=\"wp-block-latest-posts__post-excerpt\">Sous terre, il y a des couches terrestres qui forment la structure interne de notre plan\u00e8te, elles sont multiples : la cro\u00fbte terrestre, le manteau, le noyau externe et le noyau interne. Dans cet article, je vais vous pr\u00e9senter chaque couches. La cro\u00fbte terrestre C&rsquo;est la couche la plus externe et solide, c&rsquo;est celle sur\u2026 <a class=\"wp-block-latest-posts__read-more\" href=\"https:\/\/astresetplanetes.fr\/site\/les-couches-terrestres\/\" rel=\"noopener noreferrer\">Lire la suite<span class=\"screen-reader-text\">\u00a0: Les couches terrestres<\/span><\/a><\/div><\/li>\n<li><a class=\"wp-block-latest-posts__post-title\" href=\"https:\/\/astresetplanetes.fr\/site\/le-sol-le-sol-calcaire\/\">Le sol : le sol calcaire<\/a><div class=\"wp-block-latest-posts__post-author\">par Benjamin H.<\/div><time datetime=\"2026-01-15T17:47:18+01:00\" class=\"wp-block-latest-posts__post-date\">15 janvier 2026<\/time><div class=\"wp-block-latest-posts__post-excerpt\"><\/div><\/li>\n<li><a class=\"wp-block-latest-posts__post-title\" href=\"https:\/\/astresetplanetes.fr\/site\/le-sol-le-sol-humifere\/\">Le sol : le sol humif\u00e8re<\/a><div class=\"wp-block-latest-posts__post-author\">par Benjamin H.<\/div><time datetime=\"2026-01-15T17:46:51+01:00\" class=\"wp-block-latest-posts__post-date\">15 janvier 2026<\/time><div class=\"wp-block-latest-posts__post-excerpt\"><\/div><\/li>\n<li><a class=\"wp-block-latest-posts__post-title\" href=\"https:\/\/astresetplanetes.fr\/site\/le-sol-le-sol-argileux\/\">le sol argileux<\/a><div class=\"wp-block-latest-posts__post-author\">par Benjamin H.<\/div><time datetime=\"2026-01-15T17:46:21+01:00\" class=\"wp-block-latest-posts__post-date\">15 janvier 2026<\/time><div class=\"wp-block-latest-posts__post-excerpt\">Image du sol argileux : Formation et caract\u00e9ristiques de l&rsquo;argile L&rsquo;argile est une terre tr\u00e8s fines compos\u00e9e se formant par la d\u00e9composition des roches sous l&rsquo;effet de l&rsquo;eau et du temps. L&rsquo;argile se compose de silice, d&rsquo;alumine et un peu d&rsquo;oxyde m\u00e9tallique, mais aussi de kaolinite, de montmorillonite et de chlorite. Chacun de ses composants\u2026 <a class=\"wp-block-latest-posts__read-more\" href=\"https:\/\/astresetplanetes.fr\/site\/le-sol-le-sol-argileux\/\" rel=\"noopener noreferrer\">Lire la suite<span class=\"screen-reader-text\">\u00a0: le sol argileux<\/span><\/a><\/div><\/li>\n<li><a class=\"wp-block-latest-posts__post-title\" href=\"https:\/\/astresetplanetes.fr\/site\/le-sol-le-sol-sableux\/\">Le sol : le sol sableux<\/a><div class=\"wp-block-latest-posts__post-author\">par Benjamin H.<\/div><time datetime=\"2026-01-15T17:45:34+01:00\" class=\"wp-block-latest-posts__post-date\">15 janvier 2026<\/time><div class=\"wp-block-latest-posts__post-excerpt\"><\/div><\/li>\n<\/ul>\n\n\n<p><\/p>\n","protected":false},"excerpt":{"rendered":"","protected":false},"author":1,"featured_media":0,"parent":0,"menu_order":0,"comment_status":"closed","ping_status":"closed","template":"","meta":{"_uag_custom_page_level_css":"","site-sidebar-layout":"default","site-content-layout":"","ast-site-content-layout":"","site-content-style":"default","site-sidebar-style":"default","ast-global-header-display":"","ast-banner-title-visibility":"","ast-main-header-display":"","ast-hfb-above-header-display":"","ast-hfb-below-header-display":"","ast-hfb-mobile-header-display":"","site-post-title":"","ast-breadcrumbs-content":"","ast-featured-img":"","footer-sml-layout":"","theme-transparent-header-meta":"","adv-header-id-meta":"","stick-header-meta":"","header-above-stick-meta":"","header-main-stick-meta":"","header-below-stick-meta":"","astra-migrate-meta-layouts":"default","ast-page-background-enabled":"default","ast-page-background-meta":{"desktop":{"background-color":"var(--ast-global-color-4)","background-image":"","background-repeat":"repeat","background-position":"center center","background-size":"auto","background-attachment":"scroll","background-type":"","background-media":"","overlay-type":"","overlay-color":"","overlay-opacity":"","overlay-gradient":""},"tablet":{"background-color":"","background-image":"","background-repeat":"repeat","background-position":"center center","background-size":"auto","background-attachment":"scroll","background-type":"","background-media":"","overlay-type":"","overlay-color":"","overlay-opacity":"","overlay-gradient":""},"mobile":{"background-color":"","background-image":"","background-repeat":"repeat","background-position":"center center","background-size":"auto","background-attachment":"scroll","background-type":"","background-media":"","overlay-type":"","overlay-color":"","overlay-opacity":"","overlay-gradient":""}},"ast-content-background-meta":{"desktop":{"background-color":"var(--ast-global-color-5)","background-image":"","background-repeat":"repeat","background-position":"center center","background-size":"auto","background-attachment":"scroll","background-type":"","background-media":"","overlay-type":"","overlay-color":"","overlay-opacity":"","overlay-gradient":""},"tablet":{"background-color":"var(--ast-global-color-5)","background-image":"","background-repeat":"repeat","background-position":"center center","background-size":"auto","background-attachment":"scroll","background-type":"","background-media":"","overlay-type":"","overlay-color":"","overlay-opacity":"","overlay-gradient":""},"mobile":{"background-color":"var(--ast-global-color-5)","background-image":"","background-repeat":"repeat","background-position":"center center","background-size":"auto","background-attachment":"scroll","background-type":"","background-media":"","overlay-type":"","overlay-color":"","overlay-opacity":"","overlay-gradient":""}},"footnotes":""},"class_list":["post-630","page","type-page","status-publish","hentry"],"uagb_featured_image_src":{"full":false,"thumbnail":false,"medium":false,"medium_large":false,"large":false,"1536x1536":false,"2048x2048":false},"uagb_author_info":{"display_name":"adm-enric","author_link":"https:\/\/astresetplanetes.fr\/site\/author\/adm-enric\/"},"uagb_comment_info":0,"uagb_excerpt":null,"_links":{"self":[{"href":"https:\/\/astresetplanetes.fr\/site\/wp-json\/wp\/v2\/pages\/630","targetHints":{"allow":["GET"]}}],"collection":[{"href":"https:\/\/astresetplanetes.fr\/site\/wp-json\/wp\/v2\/pages"}],"about":[{"href":"https:\/\/astresetplanetes.fr\/site\/wp-json\/wp\/v2\/types\/page"}],"author":[{"embeddable":true,"href":"https:\/\/astresetplanetes.fr\/site\/wp-json\/wp\/v2\/users\/1"}],"replies":[{"embeddable":true,"href":"https:\/\/astresetplanetes.fr\/site\/wp-json\/wp\/v2\/comments?post=630"}],"version-history":[{"count":4,"href":"https:\/\/astresetplanetes.fr\/site\/wp-json\/wp\/v2\/pages\/630\/revisions"}],"predecessor-version":[{"id":650,"href":"https:\/\/astresetplanetes.fr\/site\/wp-json\/wp\/v2\/pages\/630\/revisions\/650"}],"wp:attachment":[{"href":"https:\/\/astresetplanetes.fr\/site\/wp-json\/wp\/v2\/media?parent=630"}],"curies":[{"name":"wp","href":"https:\/\/api.w.org\/{rel}","templated":true}]}}