{"id":283,"date":"2025-04-20T13:44:59","date_gmt":"2025-04-20T11:44:59","guid":{"rendered":"https:\/\/astresetplanetes.fr\/site\/services\/"},"modified":"2025-04-20T13:45:06","modified_gmt":"2025-04-20T11:45:06","slug":"services","status":"publish","type":"page","link":"https:\/\/astresetplanetes.fr\/site\/services\/","title":{"rendered":"Services"},"content":{"rendered":"\n<div class=\"wp-block-uagb-container uagb-block-94148ffa alignfull uagb-is-root-container\"><div class=\"uagb-container-inner-blocks-wrap\">\n<div class=\"wp-block-uagb-advanced-heading uagb-block-482ce1a0\"><h1 class=\"uagb-heading-text\">Services Astro<\/h1><div class=\"uagb-separator\"><\/div><\/div>\n<\/div><\/div>\n\n\n\n<div class=\"wp-block-uagb-container uagb-layout-grid uagb-block-caf63293 alignfull uagb-is-root-container\"><div class=\"uagb-container-inner-blocks-wrap\">\n<div class=\"wp-block-uagb-container uagb-block-9285b188\">\n<div class=\"wp-block-uagb-image uagb-block-20c5a042 wp-block-uagb-image--layout-default wp-block-uagb-image--effect-static wp-block-uagb-image--align-none\"><figure class=\"wp-block-uagb-image__figure\"><img srcset=\"https:\/\/astresetplanetes.fr\/site\/wp-content\/uploads\/2024\/05\/services-01.jpg ,https:\/\/astresetplanetes.fr\/site\/wp-content\/uploads\/2024\/05\/services-01.jpg 780w, https:\/\/astresetplanetes.fr\/site\/wp-content\/uploads\/2024\/05\/services-01.jpg 360w\" sizes=\"auto, (max-width: 480px) 150px\"  alt=\"\" class=\"uag-image-264 lws-optimize-lazyload\" width=\"594\" height=\"350\" title=\"services-01\" loading=\"lazy\" role=\"img\"\/ data-src=\"https:\/\/astresetplanetes.fr\/site\/wp-content\/uploads\/2024\/05\/services-01.jpg\"><\/figure><\/div>\n\n\n\n<div class=\"wp-block-uagb-advanced-heading uagb-block-7a29683e\"><h2 class=\"uagb-heading-text\">Cours Pratiques<\/h2><div class=\"uagb-separator\"><\/div><p class=\"uagb-desc-text\">Nos cours pratiques offrent une exp\u00e9rience immersive pour explorer le ciel nocturne, utiliser des t\u00e9lescopes et analyser des donn\u00e9es astronomiques sous la guidance d&rsquo;experts passionn\u00e9s.<\/p><\/div>\n<\/div>\n\n\n\n<div class=\"wp-block-uagb-container uagb-block-d5e7b371\">\n<div class=\"wp-block-uagb-image uagb-block-00530e37 wp-block-uagb-image--layout-default wp-block-uagb-image--effect-static wp-block-uagb-image--align-none\"><figure class=\"wp-block-uagb-image__figure\"><img srcset=\"https:\/\/astresetplanetes.fr\/site\/wp-content\/uploads\/2024\/05\/services-02.jpg ,https:\/\/astresetplanetes.fr\/site\/wp-content\/uploads\/2024\/05\/services-02.jpg 780w, https:\/\/astresetplanetes.fr\/site\/wp-content\/uploads\/2024\/05\/services-02.jpg 360w\" sizes=\"auto, (max-width: 480px) 150px\"  alt=\"\" class=\"uag-image-265 lws-optimize-lazyload\" width=\"594\" height=\"500\" title=\"services-02\" loading=\"lazy\" role=\"img\"\/ data-src=\"https:\/\/astresetplanetes.fr\/site\/wp-content\/uploads\/2024\/05\/services-02.jpg\"><\/figure><\/div>\n\n\n\n<div class=\"wp-block-uagb-advanced-heading uagb-block-00bb50a9\"><h2 class=\"uagb-heading-text\">Cours Th\u00e9oriques<\/h2><div class=\"uagb-separator\"><\/div><p class=\"uagb-desc-text\">Les cours th\u00e9oriques permettent d&rsquo;acqu\u00e9rir des connaissances fondamentales sur l&rsquo;astronomie, allant des bases de la cosmologie \u00e0 l&rsquo;\u00e9tude des plan\u00e8tes du syst\u00e8me solaire.<\/p><\/div>\n<\/div>\n\n\n\n<div class=\"wp-block-uagb-container uagb-block-628815f7\">\n<div class=\"wp-block-uagb-image uagb-block-dbac32c9 wp-block-uagb-image--layout-default wp-block-uagb-image--effect-static wp-block-uagb-image--align-none\"><figure class=\"wp-block-uagb-image__figure\"><img srcset=\"https:\/\/astresetplanetes.fr\/site\/wp-content\/uploads\/2024\/05\/services-03.jpg ,https:\/\/astresetplanetes.fr\/site\/wp-content\/uploads\/2024\/05\/services-03.jpg 780w, https:\/\/astresetplanetes.fr\/site\/wp-content\/uploads\/2024\/05\/services-03.jpg 360w\" sizes=\"auto, (max-width: 480px) 150px\"  alt=\"\" class=\"uag-image-266 lws-optimize-lazyload\" width=\"594\" height=\"500\" title=\"services-03\" loading=\"lazy\" role=\"img\"\/ data-src=\"https:\/\/astresetplanetes.fr\/site\/wp-content\/uploads\/2024\/05\/services-03.jpg\"><\/figure><\/div>\n\n\n\n<div class=\"wp-block-uagb-advanced-heading uagb-block-b0c45bf6\"><h2 class=\"uagb-heading-text\">Ateliers Interactifs<\/h2><div class=\"uagb-separator\"><\/div><p class=\"uagb-desc-text\">Ces ateliers interactifs favorisent l&rsquo;apprentissage collaboratif, en engageant les participants dans des projets pratiques qui stimulent la curiosit\u00e9 et renforcent leur compr\u00e9hension scientifique.<\/p><\/div>\n<\/div>\n\n\n\n<div class=\"wp-block-uagb-container uagb-block-a94242b0\">\n<div class=\"wp-block-uagb-image uagb-block-d8e7c5b9 wp-block-uagb-image--layout-default wp-block-uagb-image--effect-static wp-block-uagb-image--align-none\"><figure class=\"wp-block-uagb-image__figure\"><img srcset=\"https:\/\/astresetplanetes.fr\/site\/wp-content\/uploads\/2024\/05\/services-04.jpg ,https:\/\/astresetplanetes.fr\/site\/wp-content\/uploads\/2024\/05\/services-04.jpg 780w, https:\/\/astresetplanetes.fr\/site\/wp-content\/uploads\/2024\/05\/services-04.jpg 360w\" sizes=\"auto, (max-width: 480px) 150px\"  alt=\"\" class=\"uag-image-267 lws-optimize-lazyload\" width=\"594\" height=\"350\" title=\"services-04\" loading=\"lazy\" role=\"img\"\/ data-src=\"https:\/\/astresetplanetes.fr\/site\/wp-content\/uploads\/2024\/05\/services-04.jpg\"><\/figure><\/div>\n\n\n\n<div class=\"wp-block-uagb-advanced-heading uagb-block-d86928e9\"><h2 class=\"uagb-heading-text\">Conf\u00e9rences et \u00c9v\u00e9nements<\/h2><div class=\"uagb-separator\"><\/div><p class=\"uagb-desc-text\">Nous organisons des conf\u00e9rences et des \u00e9v\u00e9nements pour partager des d\u00e9couvertes r\u00e9centes en astronomie et susciter des discussions enrichissantes parmi les passionn\u00e9s et les professionnels du secteur.<\/p><\/div>\n<\/div>\n<\/div><\/div>\n\n\n\n<div class=\"wp-block-uagb-container uagb-block-381422f4 alignfull uagb-is-root-container\"><div class=\"uagb-container-inner-blocks-wrap\">\n<div class=\"wp-block-uagb-info-box uagb-block-fa702b80 uagb-infobox__content-wrap  uagb-infobox-icon-above-title uagb-infobox-image-valign-top wp-block-uagb-info-box--has-margin\"><div class=\"uagb-infobox-margin-wrapper\"><div class=\"uagb-ifb-content\"><div class=\"uagb-ifb-title-wrap\"><div class=\"uagb-ifb-separator\"><\/div><h2 class=\"uagb-ifb-title\">Rejoignez notre aventure astrale aujourd&rsquo;hui!<\/h2><\/div><p class=\"uagb-ifb-desc\">Inscrivez-vous maintenant pour d\u00e9couvrir les merveilles de l&rsquo;astronomie et des sciences spatiales avec notre guide expert.<\/p><div class=\"uagb-ifb-button-wrapper wp-block-button\"><a href=\"\/contact\/\" class=\"uagb-infobox-cta-link wp-block-button__link\" target=\"_self\" rel=\"noopener noreferrer\" onclick=\"return true;\" alt=\"\"><span class=\"uagb-inline-editing\">Commencez maintenant<\/span><\/a><\/div><\/div><\/div><\/div>\n<\/div><\/div>\n","protected":false},"excerpt":{"rendered":"<p>Services Astro Cours Pratiques Nos cours pratiques offrent une exp\u00e9rience immersive pour explorer le ciel nocturne, utiliser des t\u00e9lescopes et [&hellip;]<\/p>\n","protected":false},"author":1,"featured_media":0,"parent":0,"menu_order":0,"comment_status":"closed","ping_status":"closed","template":"","meta":{"_uag_custom_page_level_css":"","site-sidebar-layout":"default","site-content-layout":"","ast-site-content-layout":"","site-content-style":"default","site-sidebar-style":"default","ast-global-header-display":"","ast-banner-title-visibility":"","ast-main-header-display":"","ast-hfb-above-header-display":"","ast-hfb-below-header-display":"","ast-hfb-mobile-header-display":"","site-post-title":"disabled","ast-breadcrumbs-content":"","ast-featured-img":"","footer-sml-layout":"","theme-transparent-header-meta":"enabled","adv-header-id-meta":"","stick-header-meta":"","header-above-stick-meta":"","header-main-stick-meta":"","header-below-stick-meta":"","astra-migrate-meta-layouts":"default","ast-page-background-enabled":"default","ast-page-background-meta":{"desktop":{"background-color":"var(--ast-global-color-4)","background-image":"","background-repeat":"repeat","background-position":"center center","background-size":"auto","background-attachment":"scroll","background-type":"","background-media":"","overlay-type":"","overlay-color":"","overlay-opacity":"","overlay-gradient":""},"tablet":{"background-color":"","background-image":"","background-repeat":"repeat","background-position":"center center","background-size":"auto","background-attachment":"scroll","background-type":"","background-media":"","overlay-type":"","overlay-color":"","overlay-opacity":"","overlay-gradient":""},"mobile":{"background-color":"","background-image":"","background-repeat":"repeat","background-position":"center center","background-size":"auto","background-attachment":"scroll","background-type":"","background-media":"","overlay-type":"","overlay-color":"","overlay-opacity":"","overlay-gradient":""}},"ast-content-background-meta":{"desktop":{"background-color":"var(--ast-global-color-5)","background-image":"","background-repeat":"repeat","background-position":"center center","background-size":"auto","background-attachment":"scroll","background-type":"","background-media":"","overlay-type":"","overlay-color":"","overlay-opacity":"","overlay-gradient":""},"tablet":{"background-color":"var(--ast-global-color-5)","background-image":"","background-repeat":"repeat","background-position":"center center","background-size":"auto","background-attachment":"scroll","background-type":"","background-media":"","overlay-type":"","overlay-color":"","overlay-opacity":"","overlay-gradient":""},"mobile":{"background-color":"var(--ast-global-color-5)","background-image":"","background-repeat":"repeat","background-position":"center center","background-size":"auto","background-attachment":"scroll","background-type":"","background-media":"","overlay-type":"","overlay-color":"","overlay-opacity":"","overlay-gradient":""}},"footnotes":""},"class_list":["post-283","page","type-page","status-publish","hentry"],"uagb_featured_image_src":{"full":false,"thumbnail":false,"medium":false,"medium_large":false,"large":false,"1536x1536":false,"2048x2048":false},"uagb_author_info":{"display_name":"adm-enric","author_link":"https:\/\/astresetplanetes.fr\/site\/author\/adm-enric\/"},"uagb_comment_info":0,"uagb_excerpt":"Services Astro Cours Pratiques Nos cours pratiques offrent une exp\u00e9rience immersive pour explorer le ciel nocturne, utiliser des t\u00e9lescopes et [&hellip;]","_links":{"self":[{"href":"https:\/\/astresetplanetes.fr\/site\/wp-json\/wp\/v2\/pages\/283","targetHints":{"allow":["GET"]}}],"collection":[{"href":"https:\/\/astresetplanetes.fr\/site\/wp-json\/wp\/v2\/pages"}],"about":[{"href":"https:\/\/astresetplanetes.fr\/site\/wp-json\/wp\/v2\/types\/page"}],"author":[{"embeddable":true,"href":"https:\/\/astresetplanetes.fr\/site\/wp-json\/wp\/v2\/users\/1"}],"replies":[{"embeddable":true,"href":"https:\/\/astresetplanetes.fr\/site\/wp-json\/wp\/v2\/comments?post=283"}],"version-history":[{"count":2,"href":"https:\/\/astresetplanetes.fr\/site\/wp-json\/wp\/v2\/pages\/283\/revisions"}],"predecessor-version":[{"id":619,"href":"https:\/\/astresetplanetes.fr\/site\/wp-json\/wp\/v2\/pages\/283\/revisions\/619"}],"wp:attachment":[{"href":"https:\/\/astresetplanetes.fr\/site\/wp-json\/wp\/v2\/media?parent=283"}],"curies":[{"name":"wp","href":"https:\/\/api.w.org\/{rel}","templated":true}]}}